{"id":1963,"date":"2025-03-03T08:17:14","date_gmt":"2025-03-03T07:17:14","guid":{"rendered":"https:\/\/www.tatjanagrca.si\/?page_id=1963"},"modified":"2025-03-04T07:47:39","modified_gmt":"2025-03-04T06:47:39","slug":"odkrivanje-travme-pod-svojo-tesnobo","status":"publish","type":"page","link":"https:\/\/www.tatjanagrca.si\/en\/discovering-trauma-beneath-your-anxiety\/","title":{"rendered":"Odkrivanje travme pod svojo tesnobo"},"content":{"rendered":"<p>\r\n<section class=\"pos-r\"  id=\"shortcode-7b2b21bc67102bd9cd21f3640560078a\" >\r\n\t\t<div class=\"fw-container-full\">\r\n\t\t<div class=\"fw-row\">\r\n\t\t\t<img loading=\"lazy\" decoding=\"async\" src=\"https:\/\/www.tatjanagrca.si\/wp-content\/uploads\/2025\/03\/grca-vrc-ljubezni-banner-travma-1920x400.jpg\" alt=\"https:\/\/www.tatjanagrca.si\/wp-content\/uploads\/2025\/03\/grca-vrc-ljubezni-banner-travma-1920x400.jpg\" class=\"\" data-wow-delay=\"\" width=\"1920\" height=\"400\" \/>\r\n\r\n<div class=\"spacer\" id=\"shortcode-a7186c46db65a07e334ef34f6206a602\"><\/div>\r\n\r\n<div class=\"TextBlock\" id=\"shortcode-721cef23ae9ae55ee49544348723cf64\" >\r\n\t<h2 style=\"text-align: center;\">UNCOVER THE TRAUMA BEHIND YOUR ANXIETY<\/h2><\/div>\t\t<\/div>\r\n\t<\/div>\r\n\t<\/section>\r\n<div id=\"shortcode-401733cafeff994f2f7d7f15563d85a4\" class=\"fw-col-xs-12 fw-col-sm-12 fw-col-md-8 text-left\" >\r\n\t\r\n\r\n<div class=\"TextBlock\" id=\"shortcode-432123df311d0f24ce2e59996faca9ff\" >\r\n\t<p>I dedicate this book to little Tatjana.<\/p><p>A young, innocent girl who, for fifty years, has been patiently waiting to be seen and heard\u2014who has finally given me the most important message of my life:<\/p><p><strong><em>\u00bbYou don\u2019t have to be strong anymore.<\/em><\/strong><br \/><strong><em>Not for anyone. Not even for me.<\/em><\/strong><br \/><strong><em>I\u2019m OK now.\u00ab<\/em><\/strong><\/p><\/div>\n\t<div class=\"fw-divider-space\" style=\"padding-top: 20px;\"><\/div>\n\r\n\r\n<div class=\"TextBlock\" id=\"shortcode-3869af9469ba44b9e8234c7d52bbb034\" >\r\n\t<p>I now understand the dimension of my anxiety in a completely different way. It runs even deeper than I realised in my first book. I was so proud to have temporarily overcome it, but now the abyss has opened\u2014a place I had to fall into in order to uncover its true cause. So, it seems only right to publish a second book and share new insights and discoveries with my readers.<\/p><\/div>\t<div class=\"fw-divider-line\"><hr\/><\/div>\n\n<\/div>\r\n<div id=\"shortcode-1650c3fcfc77d83d04cb6a0556a98b4b\" class=\"fw-col-xs-12 fw-col-sm-12 fw-col-md-4 text-left\" >\r\n\t<img loading=\"lazy\" decoding=\"async\" src=\"https:\/\/www.tatjanagrca.si\/wp-content\/uploads\/2025\/03\/tiger-travma-400x400.jpg\" alt=\"https:\/\/www.tatjanagrca.si\/wp-content\/uploads\/2025\/03\/tiger-travma-400x400.jpg\" class=\"\" data-wow-delay=\"\" width=\"400\" height=\"400\" \/><\/div>\r\n<div id=\"shortcode-345eac15b4aa6894438776955aa68e30\" class=\"fw-col-xs-12 fw-col-sm-12 fw-col-md-12 text-left\" >\r\n\t\r\n\r\n<div class=\"TextBlock\" id=\"shortcode-2e68a4abd20897fa054f78e3b5695aa9\" >\r\n\t<p>I can\u2019t believe that the once unfamiliar word trauma now keeps appearing before me. How did I not think of it sooner, when my unconscious had been sending me constant messages about where the root of the problem lay? I saw anxiety as an irritating nettle that had suddenly grown inside me due to being overwhelmed, but I never considered that the seed had been there all along.<\/p><\/div>\t<div class=\"fw-divider-line\"><hr\/><\/div>\n\n\r\n\r\n<div class=\"TextBlock\" id=\"shortcode-dbc787145e4b44c8e09266f540d69cac\" >\r\n\t<p>Trauma is a very common cause of depression and anxiety. It shapes how we see ourselves and how we respond to the world around us. For a long time, we may not realise that our struggles are connected to a past traumatic event. That is why I am now rewriting my story. Out of chaos, a picture emerges; out of shards of broken glass, a jug of love is formed. I didn\u2019t break it myself, but only I can piece it back together\u2014first by understanding what happened, and then by viewing it all through the lens of love.<\/p><\/div>\t<div class=\"fw-divider-line\"><hr\/><\/div>\n\n\r\n\r\n<div class=\"TextBlock\" id=\"shortcode-8c46f1e7aa2978faac4384a0691729b1\" >\r\n\t<p>A body carrying suppressed subconscious patterns becomes shrunken, with energy flow cut off in certain areas. To heal, we must learn self-compassion, patience, and acceptance of the symptoms that rise to the surface. When you are traumatised, you almost disconnect from your body because the emotions are too overwhelming. Reconnecting with yourself\u2014getting back in touch with your body and uncovering its hidden layers\u2014takes time and patience. It is an intense and slow process, as we are only just beginning to experience a sense of true safety within our own bodies.<\/p><\/div>\t<div class=\"fw-divider-line\"><hr\/><\/div>\n\n\r\n\r\n<div class=\"TextBlock\" id=\"shortcode-e1c1fb35c15809be179c1321a5255ede\" >\r\n\t<p>When we heal our traumas, we raise our vibration and transform into a better version of ourselves. In doing so, we also elevate the collective vibration of society, with the Universe supporting us in this journey. Change is essential for the holistic renewal and elevation of both the Earth and humanity. Yet, we live in a world experiencing more wars simultaneously than ever before, with no end in sight to the generations of traumatised children and the unprecedented suffering of humanity. We can only move forward by healing our personal and collective wounds, rising into the vibration of Love, gratitude, forgiveness, and mutual acceptance.<\/p><\/div>\t<div class=\"fw-divider-line\"><hr\/><\/div>\n\n\r\n\r\n<div class=\"TextBlock\" id=\"shortcode-4e7230d36405ae5c39d8368cb9ceb1d1\" >\r\n\t<p>When we become aware of the origins of our traumas, we can finally release the patterns we have carried for so long. Not all the effects of trauma are purely negative. Enduring traumatic experiences and reliving them through post-traumatic responses test our true capacities and potential. In this way, they also become a legacy of strength and resilience\u2014one that we can pass on to future generations.<\/p><\/div>\t<div class=\"fw-divider-line\"><hr\/><\/div>\n\n\r\n\r\n<div class=\"TextBlock\" id=\"shortcode-37a681bf886ec5723d78ca47507523b8\" >\r\n\t<p>That is why I am writing this book. I am no longer seeking understanding for myself\u2014it is too late for that, as soon I will be on the other side of the river. I will never be completely healed; I will face the consequences of my trauma for the rest of my life.\nGod forbid that my fellow sufferers should see themselves in this story and that their loved ones fail to support them. May their relatives and friends help make their journey easier.\nI will always and everywhere defend vulnerability as a fundamental right\u2014for every individual facing hardships they do not yet fully understand.<\/p><\/div>\t<div class=\"fw-divider-line\"><hr\/><\/div>\n\n\r\n\r\n<div class=\"TextBlock\" id=\"shortcode-2d306a19aac7b32950afb205ab407052\" >\r\n\t<p>This is the success of my books\u2014to touch the hearts of open-minded people. Today, I can say that my energy, my awareness, my strength, and my vulnerability all flow into my books and resonate with my readers.\nI feel the wounded souls on the other side, and I vibrate with them. I often cry when I sense this energy\u2014these are tears of empathy and hope, knowing that in some way, I am helping them to endure. I may not know their faces, but I feel their hearts.\nAnd when I reach a higher awareness and find hope for myself, I long to stand on the top of a hill and tell my story with all my soul\u2014to show the way for others, if only for a day. This force within me never fades.<\/p><p><strong>I was never truly strong.<\/strong><br \/><strong>I was so vulnerable that I learned to appear strong.<\/strong><br \/><strong>That is why no one ever saw me as I really was.<\/strong><\/p><\/div><\/div>\r\n<\/p>","protected":false},"excerpt":{"rendered":"<p>ODKRIVANJE TRAVME POD SVOJO TESNOBO Knjigo posve\u010dam Tatjanci.Majhni nedol\u017eni pun\u010dki, ki je petdeset let nemo stegovala roke k meni, da bi jo kon\u010dno videla in sli\u0161ala. In ki mi je na koncu predala najpomembnej\u0161e sporo\u010dilo mojega \u017eivljenja:\u00bbNi ti ve\u010d treba biti mo\u010dna.Za nikogar ve\u010d. Niti zame.Zdaj sem dobro.\u00ab Zdaj poznam dimenzijo svoje tesnobe na druga\u010den&#8230;<\/p>","protected":false},"author":1,"featured_media":0,"parent":0,"menu_order":0,"comment_status":"closed","ping_status":"closed","template":"","meta":{"ngg_post_thumbnail":0,"footnotes":""},"class_list":["post-1963","page","type-page","status-publish","hentry"],"yoast_head":"<!-- This site is optimized with the Yoast SEO plugin v24.9 - https:\/\/yoast.com\/wordpress\/plugins\/seo\/ -->\n<title>Odkrivanje travme pod svojo tesnobo - Tatjanagrca.si<\/title>\n<meta name=\"robots\" content=\"index, follow, max-snippet:-1, max-image-preview:large, max-video-preview:-1\" \/>\n<link rel=\"canonical\" href=\"https:\/\/www.tatjanagrca.si\/en\/odkrivanje-travme-pod-svojo-tesnobo\/\" \/>\n<meta property=\"og:locale\" content=\"en_GB\" \/>\n<meta property=\"og:type\" content=\"article\" \/>\n<meta property=\"og:title\" content=\"Odkrivanje travme pod svojo tesnobo - Tatjanagrca.si\" \/>\n<meta property=\"og:description\" content=\"ODKRIVANJE TRAVME POD SVOJO TESNOBO Knjigo posve\u010dam Tatjanci.Majhni nedol\u017eni pun\u010dki, ki je petdeset let nemo stegovala roke k meni, da bi jo kon\u010dno videla in sli\u0161ala. In ki mi je na koncu predala najpomembnej\u0161e sporo\u010dilo mojega \u017eivljenja:\u00bbNi ti ve\u010d treba biti mo\u010dna.Za nikogar ve\u010d. Niti zame.Zdaj sem dobro.\u00ab Zdaj poznam dimenzijo svoje tesnobe na druga\u010den...\" \/>\n<meta property=\"og:url\" content=\"https:\/\/www.tatjanagrca.si\/en\/odkrivanje-travme-pod-svojo-tesnobo\/\" \/>\n<meta property=\"og:site_name\" content=\"Tatjanagrca.si\" \/>\n<meta property=\"article:modified_time\" content=\"2025-03-04T06:47:39+00:00\" \/>\n<meta property=\"og:image\" content=\"https:\/\/www.tatjanagrca.si\/wp-content\/uploads\/2025\/03\/grca-vrc-ljubezni-banner-travma-1920x400.jpg\" \/>\n<meta name=\"twitter:card\" content=\"summary_large_image\" \/>\n<meta name=\"twitter:label1\" content=\"Estimated reading time\" \/>\n\t<meta name=\"twitter:data1\" content=\"4 minutes\" \/>\n<script type=\"application\/ld+json\" class=\"yoast-schema-graph\">{\"@context\":\"https:\/\/schema.org\",\"@graph\":[{\"@type\":\"WebPage\",\"@id\":\"https:\/\/www.tatjanagrca.si\/odkrivanje-travme-pod-svojo-tesnobo\/\",\"url\":\"https:\/\/www.tatjanagrca.si\/odkrivanje-travme-pod-svojo-tesnobo\/\",\"name\":\"Odkrivanje travme pod svojo tesnobo - Tatjanagrca.si\",\"isPartOf\":{\"@id\":\"https:\/\/www.tatjanagrca.si\/#website\"},\"primaryImageOfPage\":{\"@id\":\"https:\/\/www.tatjanagrca.si\/odkrivanje-travme-pod-svojo-tesnobo\/#primaryimage\"},\"image\":{\"@id\":\"https:\/\/www.tatjanagrca.si\/odkrivanje-travme-pod-svojo-tesnobo\/#primaryimage\"},\"thumbnailUrl\":\"https:\/\/www.tatjanagrca.si\/wp-content\/uploads\/2025\/03\/grca-vrc-ljubezni-banner-travma-1920x400.jpg\",\"datePublished\":\"2025-03-03T07:17:14+00:00\",\"dateModified\":\"2025-03-04T06:47:39+00:00\",\"breadcrumb\":{\"@id\":\"https:\/\/www.tatjanagrca.si\/odkrivanje-travme-pod-svojo-tesnobo\/#breadcrumb\"},\"inLanguage\":\"en-GB\",\"potentialAction\":[{\"@type\":\"ReadAction\",\"target\":[\"https:\/\/www.tatjanagrca.si\/odkrivanje-travme-pod-svojo-tesnobo\/\"]}]},{\"@type\":\"ImageObject\",\"inLanguage\":\"en-GB\",\"@id\":\"https:\/\/www.tatjanagrca.si\/odkrivanje-travme-pod-svojo-tesnobo\/#primaryimage\",\"url\":\"https:\/\/www.tatjanagrca.si\/wp-content\/uploads\/2025\/03\/grca-vrc-ljubezni-banner-travma-1920x400.jpg\",\"contentUrl\":\"https:\/\/www.tatjanagrca.si\/wp-content\/uploads\/2025\/03\/grca-vrc-ljubezni-banner-travma-1920x400.jpg\"},{\"@type\":\"BreadcrumbList\",\"@id\":\"https:\/\/www.tatjanagrca.si\/odkrivanje-travme-pod-svojo-tesnobo\/#breadcrumb\",\"itemListElement\":[{\"@type\":\"ListItem\",\"position\":1,\"name\":\"Home\",\"item\":\"https:\/\/www.tatjanagrca.si\/\"},{\"@type\":\"ListItem\",\"position\":2,\"name\":\"Odkrivanje travme pod svojo tesnobo\"}]},{\"@type\":\"WebSite\",\"@id\":\"https:\/\/www.tatjanagrca.si\/#website\",\"url\":\"https:\/\/www.tatjanagrca.si\/\",\"name\":\"Tatjanagrca.si\",\"description\":\"Nova\",\"potentialAction\":[{\"@type\":\"SearchAction\",\"target\":{\"@type\":\"EntryPoint\",\"urlTemplate\":\"https:\/\/www.tatjanagrca.si\/?s={search_term_string}\"},\"query-input\":{\"@type\":\"PropertyValueSpecification\",\"valueRequired\":true,\"valueName\":\"search_term_string\"}}],\"inLanguage\":\"en-GB\"}]}<\/script>\n<!-- \/ Yoast SEO plugin. -->","yoast_head_json":{"title":"Odkrivanje travme pod svojo tesnobo - Tatjanagrca.si","robots":{"index":"index","follow":"follow","max-snippet":"max-snippet:-1","max-image-preview":"max-image-preview:large","max-video-preview":"max-video-preview:-1"},"canonical":"https:\/\/www.tatjanagrca.si\/en\/odkrivanje-travme-pod-svojo-tesnobo\/","og_locale":"en_GB","og_type":"article","og_title":"Odkrivanje travme pod svojo tesnobo - Tatjanagrca.si","og_description":"ODKRIVANJE TRAVME POD SVOJO TESNOBO Knjigo posve\u010dam Tatjanci.Majhni nedol\u017eni pun\u010dki, ki je petdeset let nemo stegovala roke k meni, da bi jo kon\u010dno videla in sli\u0161ala. In ki mi je na koncu predala najpomembnej\u0161e sporo\u010dilo mojega \u017eivljenja:\u00bbNi ti ve\u010d treba biti mo\u010dna.Za nikogar ve\u010d. Niti zame.Zdaj sem dobro.\u00ab Zdaj poznam dimenzijo svoje tesnobe na druga\u010den...","og_url":"https:\/\/www.tatjanagrca.si\/en\/odkrivanje-travme-pod-svojo-tesnobo\/","og_site_name":"Tatjanagrca.si","article_modified_time":"2025-03-04T06:47:39+00:00","og_image":[{"url":"https:\/\/www.tatjanagrca.si\/wp-content\/uploads\/2025\/03\/grca-vrc-ljubezni-banner-travma-1920x400.jpg","type":"","width":"","height":""}],"twitter_card":"summary_large_image","twitter_misc":{"Estimated reading time":"4 minutes"},"schema":{"@context":"https:\/\/schema.org","@graph":[{"@type":"WebPage","@id":"https:\/\/www.tatjanagrca.si\/odkrivanje-travme-pod-svojo-tesnobo\/","url":"https:\/\/www.tatjanagrca.si\/odkrivanje-travme-pod-svojo-tesnobo\/","name":"Odkrivanje travme pod svojo tesnobo - Tatjanagrca.si","isPartOf":{"@id":"https:\/\/www.tatjanagrca.si\/#website"},"primaryImageOfPage":{"@id":"https:\/\/www.tatjanagrca.si\/odkrivanje-travme-pod-svojo-tesnobo\/#primaryimage"},"image":{"@id":"https:\/\/www.tatjanagrca.si\/odkrivanje-travme-pod-svojo-tesnobo\/#primaryimage"},"thumbnailUrl":"https:\/\/www.tatjanagrca.si\/wp-content\/uploads\/2025\/03\/grca-vrc-ljubezni-banner-travma-1920x400.jpg","datePublished":"2025-03-03T07:17:14+00:00","dateModified":"2025-03-04T06:47:39+00:00","breadcrumb":{"@id":"https:\/\/www.tatjanagrca.si\/odkrivanje-travme-pod-svojo-tesnobo\/#breadcrumb"},"inLanguage":"en-GB","potentialAction":[{"@type":"ReadAction","target":["https:\/\/www.tatjanagrca.si\/odkrivanje-travme-pod-svojo-tesnobo\/"]}]},{"@type":"ImageObject","inLanguage":"en-GB","@id":"https:\/\/www.tatjanagrca.si\/odkrivanje-travme-pod-svojo-tesnobo\/#primaryimage","url":"https:\/\/www.tatjanagrca.si\/wp-content\/uploads\/2025\/03\/grca-vrc-ljubezni-banner-travma-1920x400.jpg","contentUrl":"https:\/\/www.tatjanagrca.si\/wp-content\/uploads\/2025\/03\/grca-vrc-ljubezni-banner-travma-1920x400.jpg"},{"@type":"BreadcrumbList","@id":"https:\/\/www.tatjanagrca.si\/odkrivanje-travme-pod-svojo-tesnobo\/#breadcrumb","itemListElement":[{"@type":"ListItem","position":1,"name":"Home","item":"https:\/\/www.tatjanagrca.si\/"},{"@type":"ListItem","position":2,"name":"Odkrivanje travme pod svojo tesnobo"}]},{"@type":"WebSite","@id":"https:\/\/www.tatjanagrca.si\/#website","url":"https:\/\/www.tatjanagrca.si\/","name":"Tatjanagrca.si","description":"Nova","potentialAction":[{"@type":"SearchAction","target":{"@type":"EntryPoint","urlTemplate":"https:\/\/www.tatjanagrca.si\/?s={search_term_string}"},"query-input":{"@type":"PropertyValueSpecification","valueRequired":true,"valueName":"search_term_string"}}],"inLanguage":"en-GB"}]}},"_links":{"self":[{"href":"https:\/\/www.tatjanagrca.si\/en\/wp-json\/wp\/v2\/pages\/1963","targetHints":{"allow":["GET"]}}],"collection":[{"href":"https:\/\/www.tatjanagrca.si\/en\/wp-json\/wp\/v2\/pages"}],"about":[{"href":"https:\/\/www.tatjanagrca.si\/en\/wp-json\/wp\/v2\/types\/page"}],"author":[{"embeddable":true,"href":"https:\/\/www.tatjanagrca.si\/en\/wp-json\/wp\/v2\/users\/1"}],"replies":[{"embeddable":true,"href":"https:\/\/www.tatjanagrca.si\/en\/wp-json\/wp\/v2\/comments?post=1963"}],"version-history":[{"count":8,"href":"https:\/\/www.tatjanagrca.si\/en\/wp-json\/wp\/v2\/pages\/1963\/revisions"}],"predecessor-version":[{"id":2057,"href":"https:\/\/www.tatjanagrca.si\/en\/wp-json\/wp\/v2\/pages\/1963\/revisions\/2057"}],"wp:attachment":[{"href":"https:\/\/www.tatjanagrca.si\/en\/wp-json\/wp\/v2\/media?parent=1963"}],"curies":[{"name":"wp","href":"https:\/\/api.w.org\/{rel}","templated":true}]}}