{"id":2304,"date":"2025-05-12T10:21:41","date_gmt":"2025-05-12T08:21:41","guid":{"rendered":"https:\/\/www.tatjanagrca.si\/?page_id=2304"},"modified":"2025-05-12T10:31:59","modified_gmt":"2025-05-12T08:31:59","slug":"recenzije-knjiga-vrc-ljubezni","status":"publish","type":"page","link":"https:\/\/www.tatjanagrca.si\/en\/recenzije-knjiga-vrc-ljubezni\/","title":{"rendered":"Reviews - The Jug Of Love"},"content":{"rendered":"<div class=\"ShortcodeBlog\" id=\"shortcode-298819a6db114b718a0cfc5ff2a9f25d\" >\r\n\r\n\r\n\t\r\n\t<div class=\"SimplifiedPosts pos-r is-matchheight-group posts-cols-3 mb-40\">\r\n\t\t\t\t\t\t\r\n\t\r\n\t\t\t\t<div class=\"simplified-post-wrapper mb-40\">\r\n\t\t\t<a href=\"https:\/\/www.tatjanagrca.si\/en\/bukla-recenzija-vesna-sivec-poljansek\/\">\r\n\t\t\t\t\t\t\t\t\t\t\t\t\t<img decoding=\"async\" src=\"https:\/\/www.tatjanagrca.si\/wp-content\/uploads\/2025\/06\/original-tatjana-grca-pisateljica-knjigi-o-tesnobi-in-travmi-10-1.jpg\">\r\n\t\t\t\t\t\t\t\t\t\t<div class=\"simplified-post-meta\">\r\n\t\t\t\t\t<div class=\"ElementHeading text-center\">\r\n\t\t\t\t\t\t<h4 class=\"element-title\">Bukla \u2013 Recenzija Vesna Sivec Poljan\u0161ek<\/h4>\r\n\t\t\t\t\t<\/div> <!-- end ElementHeading -->\r\n\t\t\t\t\t\t\t\t\t\t<div class=\"simplified-post-date\"><span>20.06.2025<\/span><\/div>\r\n\t\t\t\t\t<div class=\"simplified-post-read-more text-right\"><span class=\"special-subtitle-type-2\">Read More<\/span><\/div>\r\n\t\t\t\t<\/div>\r\n\t\t\t<\/a>\r\n\t\t<\/div> <!-- end simplified-post-meta -->\r\n\r\n\t\r\n\t\t\t\t<div class=\"simplified-post-wrapper mb-40\">\r\n\t\t\t<a href=\"https:\/\/www.tatjanagrca.si\/en\/zalozba-chiara-recenzija-sabina-hladnik\/\">\r\n\t\t\t\t\t\t\t\t\t\t\t\t\t<img decoding=\"async\" src=\"https:\/\/www.tatjanagrca.si\/wp-content\/uploads\/2025\/05\/hladnik-sabina-recenzija.webp\">\r\n\t\t\t\t\t\t\t\t\t\t<div class=\"simplified-post-meta\">\r\n\t\t\t\t\t<div class=\"ElementHeading text-center\">\r\n\t\t\t\t\t\t<h4 class=\"element-title\">Zalo\u017eba CHIARA \u2013Sabina Hladnik's review<\/h4>\r\n\t\t\t\t\t<\/div> <!-- end ElementHeading -->\r\n\t\t\t\t\t\t\t\t\t\t<div class=\"simplified-post-date\"><span>12.05.2025<\/span><\/div>\r\n\t\t\t\t\t<div class=\"simplified-post-read-more text-right\"><span class=\"special-subtitle-type-2\">Read More<\/span><\/div>\r\n\t\t\t\t<\/div>\r\n\t\t\t<\/a>\r\n\t\t<\/div> <!-- end simplified-post-meta -->\r\n\r\n\t\r\n\t\r\n\t<\/div> <!-- end SimplifiedPosts -->\r\n\r\n\t\r\n\t\r\n<\/div> <!-- end ShortcodeBlog -->","protected":false},"excerpt":{"rendered":"<p>Zalo\u017eba CHIARA \u2013 Recenzija Sabina Hladnik: Zapisano z iskrenostjo, ki zdravi \u2013 knjiga, ki bo nagovorila tudi va\u0161e najti\u0161je bole\u010dine. Knjiga&nbsp;Vr\u010d ljubezni&nbsp;je izpovedna, sr\u010dna in duhovna pripoved \u017eenske, ki se iz zlomljenosti pogumno poda na pot samospoznavanja in celjenja. Skozi potla\u010deno travmo, telesno bole\u010dino, tesnobo, zakonsko krizo in izgubo smisla, avtorica vodi bralca ne le&#8230;<\/p>","protected":false},"author":1,"featured_media":0,"parent":0,"menu_order":0,"comment_status":"closed","ping_status":"closed","template":"","meta":{"ngg_post_thumbnail":0,"footnotes":""},"class_list":["post-2304","page","type-page","status-publish","hentry"],"yoast_head":"<!-- This site is optimized with the Yoast SEO plugin v24.9 - https:\/\/yoast.com\/wordpress\/plugins\/seo\/ -->\n<title>Recenzije - Vr\u010d Ljubezni - Tatjanagrca.si<\/title>\n<meta name=\"robots\" content=\"index, follow, max-snippet:-1, max-image-preview:large, max-video-preview:-1\" \/>\n<link rel=\"canonical\" href=\"https:\/\/www.tatjanagrca.si\/en\/recenzije-knjiga-vrc-ljubezni\/\" \/>\n<meta property=\"og:locale\" content=\"en_GB\" \/>\n<meta property=\"og:type\" content=\"article\" \/>\n<meta property=\"og:title\" content=\"Recenzije - Vr\u010d Ljubezni - Tatjanagrca.si\" \/>\n<meta property=\"og:description\" content=\"Zalo\u017eba CHIARA \u2013 Recenzija Sabina Hladnik: Zapisano z iskrenostjo, ki zdravi \u2013 knjiga, ki bo nagovorila tudi va\u0161e najti\u0161je bole\u010dine. Knjiga&nbsp;Vr\u010d ljubezni&nbsp;je izpovedna, sr\u010dna in duhovna pripoved \u017eenske, ki se iz zlomljenosti pogumno poda na pot samospoznavanja in celjenja. Skozi potla\u010deno travmo, telesno bole\u010dino, tesnobo, zakonsko krizo in izgubo smisla, avtorica vodi bralca ne le...\" \/>\n<meta property=\"og:url\" content=\"https:\/\/www.tatjanagrca.si\/en\/recenzije-knjiga-vrc-ljubezni\/\" \/>\n<meta property=\"og:site_name\" content=\"Tatjanagrca.si\" \/>\n<meta property=\"article:modified_time\" content=\"2025-05-12T08:31:59+00:00\" \/>\n<meta property=\"og:image\" content=\"https:\/\/www.tatjanagrca.si\/wp-content\/uploads\/2025\/05\/recenzija-sabina-hladnik.jpg\" \/>\n<meta name=\"twitter:card\" content=\"summary_large_image\" \/>\n<script type=\"application\/ld+json\" class=\"yoast-schema-graph\">{\"@context\":\"https:\/\/schema.org\",\"@graph\":[{\"@type\":\"WebPage\",\"@id\":\"https:\/\/www.tatjanagrca.si\/recenzije-knjiga-vrc-ljubezni\/\",\"url\":\"https:\/\/www.tatjanagrca.si\/recenzije-knjiga-vrc-ljubezni\/\",\"name\":\"Recenzije - Vr\u010d Ljubezni - Tatjanagrca.si\",\"isPartOf\":{\"@id\":\"https:\/\/www.tatjanagrca.si\/#website\"},\"primaryImageOfPage\":{\"@id\":\"https:\/\/www.tatjanagrca.si\/recenzije-knjiga-vrc-ljubezni\/#primaryimage\"},\"image\":{\"@id\":\"https:\/\/www.tatjanagrca.si\/recenzije-knjiga-vrc-ljubezni\/#primaryimage\"},\"thumbnailUrl\":\"https:\/\/www.tatjanagrca.si\/wp-content\/uploads\/2025\/05\/recenzija-sabina-hladnik.jpg\",\"datePublished\":\"2025-05-12T08:21:41+00:00\",\"dateModified\":\"2025-05-12T08:31:59+00:00\",\"breadcrumb\":{\"@id\":\"https:\/\/www.tatjanagrca.si\/recenzije-knjiga-vrc-ljubezni\/#breadcrumb\"},\"inLanguage\":\"en-GB\",\"potentialAction\":[{\"@type\":\"ReadAction\",\"target\":[\"https:\/\/www.tatjanagrca.si\/recenzije-knjiga-vrc-ljubezni\/\"]}]},{\"@type\":\"ImageObject\",\"inLanguage\":\"en-GB\",\"@id\":\"https:\/\/www.tatjanagrca.si\/recenzije-knjiga-vrc-ljubezni\/#primaryimage\",\"url\":\"https:\/\/www.tatjanagrca.si\/wp-content\/uploads\/2025\/05\/recenzija-sabina-hladnik.jpg\",\"contentUrl\":\"https:\/\/www.tatjanagrca.si\/wp-content\/uploads\/2025\/05\/recenzija-sabina-hladnik.jpg\"},{\"@type\":\"BreadcrumbList\",\"@id\":\"https:\/\/www.tatjanagrca.si\/recenzije-knjiga-vrc-ljubezni\/#breadcrumb\",\"itemListElement\":[{\"@type\":\"ListItem\",\"position\":1,\"name\":\"Home\",\"item\":\"https:\/\/www.tatjanagrca.si\/\"},{\"@type\":\"ListItem\",\"position\":2,\"name\":\"Recenzije &#8211; Vr\u010d Ljubezni\"}]},{\"@type\":\"WebSite\",\"@id\":\"https:\/\/www.tatjanagrca.si\/#website\",\"url\":\"https:\/\/www.tatjanagrca.si\/\",\"name\":\"Tatjanagrca.si\",\"description\":\"Nova\",\"potentialAction\":[{\"@type\":\"SearchAction\",\"target\":{\"@type\":\"EntryPoint\",\"urlTemplate\":\"https:\/\/www.tatjanagrca.si\/?s={search_term_string}\"},\"query-input\":{\"@type\":\"PropertyValueSpecification\",\"valueRequired\":true,\"valueName\":\"search_term_string\"}}],\"inLanguage\":\"en-GB\"}]}<\/script>\n<!-- \/ Yoast SEO plugin. -->","yoast_head_json":{"title":"Recenzije - Vr\u010d Ljubezni - Tatjanagrca.si","robots":{"index":"index","follow":"follow","max-snippet":"max-snippet:-1","max-image-preview":"max-image-preview:large","max-video-preview":"max-video-preview:-1"},"canonical":"https:\/\/www.tatjanagrca.si\/en\/recenzije-knjiga-vrc-ljubezni\/","og_locale":"en_GB","og_type":"article","og_title":"Recenzije - Vr\u010d Ljubezni - Tatjanagrca.si","og_description":"Zalo\u017eba CHIARA \u2013 Recenzija Sabina Hladnik: Zapisano z iskrenostjo, ki zdravi \u2013 knjiga, ki bo nagovorila tudi va\u0161e najti\u0161je bole\u010dine. Knjiga&nbsp;Vr\u010d ljubezni&nbsp;je izpovedna, sr\u010dna in duhovna pripoved \u017eenske, ki se iz zlomljenosti pogumno poda na pot samospoznavanja in celjenja. Skozi potla\u010deno travmo, telesno bole\u010dino, tesnobo, zakonsko krizo in izgubo smisla, avtorica vodi bralca ne le...","og_url":"https:\/\/www.tatjanagrca.si\/en\/recenzije-knjiga-vrc-ljubezni\/","og_site_name":"Tatjanagrca.si","article_modified_time":"2025-05-12T08:31:59+00:00","og_image":[{"url":"https:\/\/www.tatjanagrca.si\/wp-content\/uploads\/2025\/05\/recenzija-sabina-hladnik.jpg","type":"","width":"","height":""}],"twitter_card":"summary_large_image","schema":{"@context":"https:\/\/schema.org","@graph":[{"@type":"WebPage","@id":"https:\/\/www.tatjanagrca.si\/recenzije-knjiga-vrc-ljubezni\/","url":"https:\/\/www.tatjanagrca.si\/recenzije-knjiga-vrc-ljubezni\/","name":"Recenzije - Vr\u010d Ljubezni - Tatjanagrca.si","isPartOf":{"@id":"https:\/\/www.tatjanagrca.si\/#website"},"primaryImageOfPage":{"@id":"https:\/\/www.tatjanagrca.si\/recenzije-knjiga-vrc-ljubezni\/#primaryimage"},"image":{"@id":"https:\/\/www.tatjanagrca.si\/recenzije-knjiga-vrc-ljubezni\/#primaryimage"},"thumbnailUrl":"https:\/\/www.tatjanagrca.si\/wp-content\/uploads\/2025\/05\/recenzija-sabina-hladnik.jpg","datePublished":"2025-05-12T08:21:41+00:00","dateModified":"2025-05-12T08:31:59+00:00","breadcrumb":{"@id":"https:\/\/www.tatjanagrca.si\/recenzije-knjiga-vrc-ljubezni\/#breadcrumb"},"inLanguage":"en-GB","potentialAction":[{"@type":"ReadAction","target":["https:\/\/www.tatjanagrca.si\/recenzije-knjiga-vrc-ljubezni\/"]}]},{"@type":"ImageObject","inLanguage":"en-GB","@id":"https:\/\/www.tatjanagrca.si\/recenzije-knjiga-vrc-ljubezni\/#primaryimage","url":"https:\/\/www.tatjanagrca.si\/wp-content\/uploads\/2025\/05\/recenzija-sabina-hladnik.jpg","contentUrl":"https:\/\/www.tatjanagrca.si\/wp-content\/uploads\/2025\/05\/recenzija-sabina-hladnik.jpg"},{"@type":"BreadcrumbList","@id":"https:\/\/www.tatjanagrca.si\/recenzije-knjiga-vrc-ljubezni\/#breadcrumb","itemListElement":[{"@type":"ListItem","position":1,"name":"Home","item":"https:\/\/www.tatjanagrca.si\/"},{"@type":"ListItem","position":2,"name":"Recenzije &#8211; Vr\u010d Ljubezni"}]},{"@type":"WebSite","@id":"https:\/\/www.tatjanagrca.si\/#website","url":"https:\/\/www.tatjanagrca.si\/","name":"Tatjanagrca.si","description":"Nova","potentialAction":[{"@type":"SearchAction","target":{"@type":"EntryPoint","urlTemplate":"https:\/\/www.tatjanagrca.si\/?s={search_term_string}"},"query-input":{"@type":"PropertyValueSpecification","valueRequired":true,"valueName":"search_term_string"}}],"inLanguage":"en-GB"}]}},"_links":{"self":[{"href":"https:\/\/www.tatjanagrca.si\/en\/wp-json\/wp\/v2\/pages\/2304","targetHints":{"allow":["GET"]}}],"collection":[{"href":"https:\/\/www.tatjanagrca.si\/en\/wp-json\/wp\/v2\/pages"}],"about":[{"href":"https:\/\/www.tatjanagrca.si\/en\/wp-json\/wp\/v2\/types\/page"}],"author":[{"embeddable":true,"href":"https:\/\/www.tatjanagrca.si\/en\/wp-json\/wp\/v2\/users\/1"}],"replies":[{"embeddable":true,"href":"https:\/\/www.tatjanagrca.si\/en\/wp-json\/wp\/v2\/comments?post=2304"}],"version-history":[{"count":1,"href":"https:\/\/www.tatjanagrca.si\/en\/wp-json\/wp\/v2\/pages\/2304\/revisions"}],"predecessor-version":[{"id":2305,"href":"https:\/\/www.tatjanagrca.si\/en\/wp-json\/wp\/v2\/pages\/2304\/revisions\/2305"}],"wp:attachment":[{"href":"https:\/\/www.tatjanagrca.si\/en\/wp-json\/wp\/v2\/media?parent=2304"}],"curies":[{"name":"wp","href":"https:\/\/api.w.org\/{rel}","templated":true}]}}