{"id":339,"date":"2021-04-30T07:45:53","date_gmt":"2021-04-30T07:45:53","guid":{"rendered":"https:\/\/www.tatjanagrca.si\/?page_id=339"},"modified":"2021-06-08T09:42:09","modified_gmt":"2021-06-08T07:42:09","slug":"piskotki","status":"publish","type":"page","link":"https:\/\/www.tatjanagrca.si\/en\/cookies\/","title":{"rendered":"Cookies"},"content":{"rendered":"<p><span style=\"color: #000000;\">This website uses cookies. A cookie is a small text file that the website you are visiting stores on your computer via your browser (Firefox, Chrome, Opera or Internet Explorer).<\/span><\/p>\n<p><span style=\"color: #000000;\">In accordance with the recommendations of the Information Commissioner, this website contains a notice regarding the use of cookies, which also enables you to choose which cookies you want to use.<\/span><\/p>\n<h2><span style=\"color: #000000; font-family: arial;\">Types of cookies used on<\/span><\/h2>\n<p><span style=\"color: #000000;\"><strong>Required cookies&nbsp;<\/strong><\/span><br \/>\n<span style=\"color: #000000;\">Required cookies are those that the site needs to maintain its functioning. These include session cookies managing registered user\u2019s sessions (service websites) and cookies that are downloaded onto your computer in order to remember your choice of allowed cookies for your next visit.<\/span><\/p>\n<table class=\"table\" width=\"772\" data-tablesaw-mode=\"stack\">\n<thead>\n<tr>\n<th class=\"header\"><span style=\"color: #000000;\">Cookie name<\/span><\/th>\n<th class=\"header\"><span style=\"color: #000000;\">Intended use<\/span><\/th>\n<th class=\"header\"><span style=\"color: #000000;\">Duration<\/span><\/th>\n<\/tr>\n<\/thead>\n<tbody>\n<tr>\n<td><span style=\"color: #000000;\"><i>PHPSESSID<\/i><\/span><\/td>\n<td><span style=\"color: #000000;\">Basic website functioning<\/span><\/td>\n<td><span style=\"color: #000000;\">The duration of the session<\/span><\/td>\n<\/tr>\n<tr>\n<td><span style=\"color: #000000;\">wordpress_test_cookie<\/span><\/td>\n<td><span style=\"color: #000000;\">Basic website functioning<\/span><\/td>\n<td><span style=\"color: #000000;\">The duration of the session<\/span><\/td>\n<\/tr>\n<tr>\n<td><span style=\"color: #000000;\">Cookie_notice_accepted<\/span><\/td>\n<td><span style=\"color: #000000;\">Cookie that keeps track if cookies are approved.<\/span><\/td>\n<td><span style=\"color: #000000;\">1 year<\/span><\/td>\n<\/tr>\n<\/tbody>\n<\/table>\n<p><span style=\"color: #000000;\"><strong>Visitor statistics \u2013 Required cookies<\/strong><\/span><\/p>\n<p><span style=\"color: #000000;\">This website\u2019s administrators are interested in knowing what our users like to read, which pages interest you the most and what led you to our website. This is our only feedback and mostly our only contact with our users. That is why we keep track of views. Based on cookies we download on your computer, we can know if you are here for the first time or on a regular basis.<\/span><\/p>\n<p><span style=\"color: #000000;\">Na podlagi pi\u0161kotkov, ki jih nalo\u017eimo na va\u0161 ra\u010dunalnik, lahko vemo ali ste pri\u0161li k nam prvi\u010d, ali pa ste na\u0161 redni obiskovalec.<\/span><\/p>\n<table class=\"table\" data-tablesaw-mode=\"stack\">\n<thead>\n<tr>\n<th class=\"header\"><span style=\"color: #000000;\">Cookie name<\/span><\/th>\n<th class=\"header\"><span style=\"color: #000000;\">Intended use<\/span><\/th>\n<th class=\"header\"><span style=\"color: #000000;\">Duration<\/span><\/th>\n<th class=\"header\"><span style=\"color: #000000;\">Company<\/span><\/th>\n<\/tr>\n<\/thead>\n<tbody>\n<tr>\n<td><span style=\"color: #000000;\"><i>_ga<\/i><\/span><\/td>\n<td><span style=\"color: #000000;\">Differentiates between users (sessions).<\/span><\/td>\n<td><span style=\"color: #000000;\">2 years<\/span><\/td>\n<td><span style=\"color: #000000;\"><a style=\"color: #000000;\" href=\"https:\/\/developers.google.com\/analytics\/devguides\/collection\/analyticsjs\/cookie-usage\" target=\"_blank\" rel=\"nofollow noopener noreferrer\">Google Inc.<\/a><\/span><\/td>\n<\/tr>\n<tr>\n<td><span style=\"color: #000000;\"><i>_gid<\/i><\/span><\/td>\n<td><span style=\"color: #000000;\">Counts unique users.<\/span><\/td>\n<td><span style=\"color: #000000;\">24 hours<\/span><\/td>\n<td><span style=\"color: #000000;\"><a style=\"color: #000000;\" href=\"https:\/\/developers.google.com\/analytics\/devguides\/collection\/analyticsjs\/cookie-usage\" target=\"_blank\" rel=\"nofollow noopener noreferrer\">Google Inc.<\/a><\/span><\/td>\n<\/tr>\n<tr>\n<td><span style=\"color: #000000;\"><i>_gat<\/i><\/span><\/td>\n<td><span style=\"color: #000000;\">Notes a new user (session).<\/span><\/td>\n<td><span style=\"color: #000000;\">1 minute<\/span><\/td>\n<td><span style=\"color: #000000;\"><a style=\"color: #000000;\" href=\"https:\/\/developers.google.com\/analytics\/devguides\/collection\/analyticsjs\/cookie-usage\" target=\"_blank\" rel=\"nofollow noopener noreferrer\">Google Inc.<\/a><\/span><\/td>\n<\/tr>\n<\/tbody>\n<\/table>\n<p><span style=\"color: #000000;\"><strong>Can I avoid using cookies entirely?<\/strong><\/span><br \/>\n<span style=\"color: #000000;\">If you don\u2019t want to have our website\u2019s cookies saved on your computer, you can choose to not allow cookies in your browser\u2019s setting. In this case, no cookies will be saved. If your browser does not support such settings, we recommend that you immediately replace it with a more current version. Most current browsers (99 %) enable setting your privacy rate and disabling saving cookies on your computer.<\/span><\/p>\n<p><span style=\"color: #000000;\">4.&nbsp;<strong>How do I remove cookies?<\/strong><\/span><br \/>\n\u2013&nbsp;<a title=\"Kako odstraniti cookies v Google Chrome brskalniku\" href=\"https:\/\/support.google.com\/chrome\/answer\/95647?hl=sl-sl&amp;p=cpn_cookies\" target=\"_blank\" rel=\"nofollow noopener noreferrer\">Google Chrome<\/a><br \/>\n\u2013&nbsp;<a title=\"Kako odstraniti cookies v Firefox brskalniku\" href=\"http:\/\/support.mozilla.org\/sl\/kb\/kako-omogocite-onemogocite-piskote-v-katerih-splet?redirectlocale=sl&amp;redirectslug=Kako+aktivirate+in+deaktivirate+pi%C5%A1kote\" target=\"_blank\" rel=\"nofollow noopener noreferrer\">Mozilla Firefox<\/a><br \/>\n\u2013&nbsp;<a title=\"Kako odstraniti cookies v IE9 brskalniku\" href=\"http:\/\/windows.microsoft.com\/sl-si\/windows7\/how-to-manage-cookies-in-internet-explorer-9\" target=\"_blank\" rel=\"nofollow noopener noreferrer\">Internet Explorer 9<\/a><br \/>\n\u2013&nbsp;<a title=\"Kako odstraniti cookies v IE7 brskalniku\" href=\"http:\/\/windows.microsoft.com\/sl-si\/windows-vista\/block-or-allow-cookies\" target=\"_blank\" rel=\"nofollow noopener noreferrer\">Internet Explorer 7 in 8<\/a><br \/>\n\u2013&nbsp;<a title=\"Kako odstraniti cookies v Opera brskalniku\" href=\"http:\/\/www.opera.com\/help\/tutorials\/security\/cookies\/\" target=\"_blank\" rel=\"nofollow noopener noreferrer\">Opera<\/a><br \/>\n\u2013&nbsp;<a title=\"Kako odstraniti cookies v Safari brskalniku\" href=\"http:\/\/support.apple.com\/kb\/PH11913\" target=\"_blank\" rel=\"nofollow noopener noreferrer\">Safari<\/a><\/p>\n<p>&nbsp;<\/p>\n<h2><span style=\"color: #000000; font-family: arial;\">Varovanje osebnih podatkov<\/span><\/h2>\n<p><span style=\"color: #000000;\">Osebne podatke vne\u0161ene v spletni obrazec varujemo in hranimo v skladu z GDPR.<\/span><\/p>","protected":false},"excerpt":{"rendered":"<p>Na na\u0161i spletni strani uporabljamo pi\u0161kotke (cookies). Pi\u0161kotki so majhne txt datoteke, ki jih va\u0161 brskalnik (Firefox, Chrome, Opera ali Internet Explorer), nalo\u017ei na va\u0161 ra\u010dunalnik kadar brskate po spletu. V skladu s priporo\u010dili informacijskega poobla\u0161\u010denca, smo na na\u0161o spletno stran namestili obvestilo o uporabi pi\u0161kotkov, hkrati pa smo vam omogo\u010dili tudi izbiro, katere pi\u0161kotke&#8230;<\/p>","protected":false},"author":1,"featured_media":0,"parent":0,"menu_order":0,"comment_status":"closed","ping_status":"closed","template":"","meta":{"ngg_post_thumbnail":0,"footnotes":""},"class_list":["post-339","page","type-page","status-publish","hentry"],"yoast_head":"<!-- This site is optimized with the Yoast SEO plugin v24.9 - https:\/\/yoast.com\/wordpress\/plugins\/seo\/ -->\n<title>Pi\u0161kotki - Tatjanagrca.si<\/title>\n<meta name=\"robots\" content=\"noindex, nofollow\" \/>\n<meta property=\"og:locale\" content=\"en_GB\" \/>\n<meta property=\"og:type\" content=\"article\" \/>\n<meta property=\"og:title\" content=\"Pi\u0161kotki - Tatjanagrca.si\" \/>\n<meta property=\"og:description\" content=\"Na na\u0161i spletni strani uporabljamo pi\u0161kotke (cookies). Pi\u0161kotki so majhne txt datoteke, ki jih va\u0161 brskalnik (Firefox, Chrome, Opera ali Internet Explorer), nalo\u017ei na va\u0161 ra\u010dunalnik kadar brskate po spletu. V skladu s priporo\u010dili informacijskega poobla\u0161\u010denca, smo na na\u0161o spletno stran namestili obvestilo o uporabi pi\u0161kotkov, hkrati pa smo vam omogo\u010dili tudi izbiro, katere pi\u0161kotke...\" \/>\n<meta property=\"og:url\" content=\"https:\/\/www.tatjanagrca.si\/en\/piskotki\/\" \/>\n<meta property=\"og:site_name\" content=\"Tatjanagrca.si\" \/>\n<meta property=\"article:modified_time\" content=\"2021-06-08T07:42:09+00:00\" \/>\n<meta name=\"twitter:card\" content=\"summary_large_image\" \/>\n<meta name=\"twitter:label1\" content=\"Estimated reading time\" \/>\n\t<meta name=\"twitter:data1\" content=\"2 minutes\" \/>\n<script type=\"application\/ld+json\" class=\"yoast-schema-graph\">{\"@context\":\"https:\/\/schema.org\",\"@graph\":[{\"@type\":\"WebPage\",\"@id\":\"https:\/\/www.tatjanagrca.si\/piskotki\/\",\"url\":\"https:\/\/www.tatjanagrca.si\/piskotki\/\",\"name\":\"Pi\u0161kotki - Tatjanagrca.si\",\"isPartOf\":{\"@id\":\"https:\/\/www.tatjanagrca.si\/#website\"},\"datePublished\":\"2021-04-30T07:45:53+00:00\",\"dateModified\":\"2021-06-08T07:42:09+00:00\",\"breadcrumb\":{\"@id\":\"https:\/\/www.tatjanagrca.si\/piskotki\/#breadcrumb\"},\"inLanguage\":\"en-GB\",\"potentialAction\":[{\"@type\":\"ReadAction\",\"target\":[\"https:\/\/www.tatjanagrca.si\/piskotki\/\"]}]},{\"@type\":\"BreadcrumbList\",\"@id\":\"https:\/\/www.tatjanagrca.si\/piskotki\/#breadcrumb\",\"itemListElement\":[{\"@type\":\"ListItem\",\"position\":1,\"name\":\"Home\",\"item\":\"https:\/\/www.tatjanagrca.si\/\"},{\"@type\":\"ListItem\",\"position\":2,\"name\":\"Pi\u0161kotki\"}]},{\"@type\":\"WebSite\",\"@id\":\"https:\/\/www.tatjanagrca.si\/#website\",\"url\":\"https:\/\/www.tatjanagrca.si\/\",\"name\":\"Tatjanagrca.si\",\"description\":\"Nova\",\"potentialAction\":[{\"@type\":\"SearchAction\",\"target\":{\"@type\":\"EntryPoint\",\"urlTemplate\":\"https:\/\/www.tatjanagrca.si\/?s={search_term_string}\"},\"query-input\":{\"@type\":\"PropertyValueSpecification\",\"valueRequired\":true,\"valueName\":\"search_term_string\"}}],\"inLanguage\":\"en-GB\"}]}<\/script>\n<!-- \/ Yoast SEO plugin. -->","yoast_head_json":{"title":"Pi\u0161kotki - Tatjanagrca.si","robots":{"index":"noindex","follow":"nofollow"},"og_locale":"en_GB","og_type":"article","og_title":"Pi\u0161kotki - Tatjanagrca.si","og_description":"Na na\u0161i spletni strani uporabljamo pi\u0161kotke (cookies). Pi\u0161kotki so majhne txt datoteke, ki jih va\u0161 brskalnik (Firefox, Chrome, Opera ali Internet Explorer), nalo\u017ei na va\u0161 ra\u010dunalnik kadar brskate po spletu. V skladu s priporo\u010dili informacijskega poobla\u0161\u010denca, smo na na\u0161o spletno stran namestili obvestilo o uporabi pi\u0161kotkov, hkrati pa smo vam omogo\u010dili tudi izbiro, katere pi\u0161kotke...","og_url":"https:\/\/www.tatjanagrca.si\/en\/piskotki\/","og_site_name":"Tatjanagrca.si","article_modified_time":"2021-06-08T07:42:09+00:00","twitter_card":"summary_large_image","twitter_misc":{"Estimated reading time":"2 minutes"},"schema":{"@context":"https:\/\/schema.org","@graph":[{"@type":"WebPage","@id":"https:\/\/www.tatjanagrca.si\/piskotki\/","url":"https:\/\/www.tatjanagrca.si\/piskotki\/","name":"Pi\u0161kotki - Tatjanagrca.si","isPartOf":{"@id":"https:\/\/www.tatjanagrca.si\/#website"},"datePublished":"2021-04-30T07:45:53+00:00","dateModified":"2021-06-08T07:42:09+00:00","breadcrumb":{"@id":"https:\/\/www.tatjanagrca.si\/piskotki\/#breadcrumb"},"inLanguage":"en-GB","potentialAction":[{"@type":"ReadAction","target":["https:\/\/www.tatjanagrca.si\/piskotki\/"]}]},{"@type":"BreadcrumbList","@id":"https:\/\/www.tatjanagrca.si\/piskotki\/#breadcrumb","itemListElement":[{"@type":"ListItem","position":1,"name":"Home","item":"https:\/\/www.tatjanagrca.si\/"},{"@type":"ListItem","position":2,"name":"Pi\u0161kotki"}]},{"@type":"WebSite","@id":"https:\/\/www.tatjanagrca.si\/#website","url":"https:\/\/www.tatjanagrca.si\/","name":"Tatjanagrca.si","description":"Nova","potentialAction":[{"@type":"SearchAction","target":{"@type":"EntryPoint","urlTemplate":"https:\/\/www.tatjanagrca.si\/?s={search_term_string}"},"query-input":{"@type":"PropertyValueSpecification","valueRequired":true,"valueName":"search_term_string"}}],"inLanguage":"en-GB"}]}},"_links":{"self":[{"href":"https:\/\/www.tatjanagrca.si\/en\/wp-json\/wp\/v2\/pages\/339","targetHints":{"allow":["GET"]}}],"collection":[{"href":"https:\/\/www.tatjanagrca.si\/en\/wp-json\/wp\/v2\/pages"}],"about":[{"href":"https:\/\/www.tatjanagrca.si\/en\/wp-json\/wp\/v2\/types\/page"}],"author":[{"embeddable":true,"href":"https:\/\/www.tatjanagrca.si\/en\/wp-json\/wp\/v2\/users\/1"}],"replies":[{"embeddable":true,"href":"https:\/\/www.tatjanagrca.si\/en\/wp-json\/wp\/v2\/comments?post=339"}],"version-history":[{"count":4,"href":"https:\/\/www.tatjanagrca.si\/en\/wp-json\/wp\/v2\/pages\/339\/revisions"}],"predecessor-version":[{"id":686,"href":"https:\/\/www.tatjanagrca.si\/en\/wp-json\/wp\/v2\/pages\/339\/revisions\/686"}],"wp:attachment":[{"href":"https:\/\/www.tatjanagrca.si\/en\/wp-json\/wp\/v2\/media?parent=339"}],"curies":[{"name":"wp","href":"https:\/\/api.w.org\/{rel}","templated":true}]}}