{"id":1380,"date":"2017-08-06T05:47:09","date_gmt":"2017-08-06T03:47:09","guid":{"rendered":"https:\/\/www.tatjanagrca.si\/?post_type=product&#038;p=1380"},"modified":"2025-03-25T12:36:35","modified_gmt":"2025-03-25T11:36:35","slug":"moja-srcna-belezka","status":"publish","type":"product","link":"https:\/\/www.tatjanagrca.si\/en\/product\/my-notepad-for-the-heart\/","title":{"rendered":"My Notepad From The Heart"},"content":{"rendered":"","protected":false},"excerpt":{"rendered":"<p style=\"font-weight: 400;\">You can also order this cute NOTEPAD FOR THE HEART with colour illustrations and quotes from the book A Cup of Life.<\/p>\n<p style=\"font-weight: 400;\">It has space for your heart\u2019s messages as well as your memories and hopes for a brighter future. &nbsp;<\/p>\n<ul>\n<li style=\"font-weight: 400;\">Dimensions: 15 x 20 cm<\/li>\n<li style=\"font-weight: 400;\">Hardcover<\/li>\n<li style=\"font-weight: 400;\">Binding: spiral<\/li>\n<li style=\"font-weight: 400;\">Colour illustrations with quotes from the book A Cup of Life<\/li>\n<\/ul>","protected":false},"featured_media":2048,"template":"","meta":{"ngg_post_thumbnail":0},"product_brand":[],"product_cat":[36],"product_tag":[],"class_list":{"0":"post-1380","1":"product","2":"type-product","3":"status-publish","4":"has-post-thumbnail","6":"product_cat-knjige","8":"first","9":"instock","10":"taxable","11":"shipping-taxable","12":"purchasable","13":"product-type-simple"},"yoast_head":"<!-- This site is optimized with the Yoast SEO plugin v24.9 - https:\/\/yoast.com\/wordpress\/plugins\/seo\/ -->\n<title>Moja sr\u010dna bele\u017eka - Tatjanagrca.si<\/title>\n<meta name=\"robots\" content=\"index, follow, max-snippet:-1, max-image-preview:large, max-video-preview:-1\" \/>\n<link rel=\"canonical\" href=\"https:\/\/www.tatjanagrca.si\/en\/product\/moja-srcna-belezka\/\" \/>\n<meta property=\"og:locale\" content=\"en_GB\" \/>\n<meta property=\"og:type\" content=\"article\" \/>\n<meta property=\"og:title\" content=\"Moja sr\u010dna bele\u017eka - Tatjanagrca.si\" \/>\n<meta property=\"og:description\" content=\"Naro\u010dite lahko tudi prisr\u010dno bele\u017enico MOJA SR\u010cA BELE\u017dKA z barvnimi ilustraciji in citati iz knjige Skodelica \u017eivljenja. V njej lahko najdejo prostor va\u0161e sr\u010dne misli in \u017eelje za ustvarjanje va\u0161ih spominov in upov za svetlo prihodnost. &nbsp;    Dimenzija: 15 x 20 cm  Trde platnice  Vezava: spirala  Barvne ilustracije s citati iz knjige Skodelica \u017eivljenja\" \/>\n<meta property=\"og:url\" content=\"https:\/\/www.tatjanagrca.si\/en\/product\/moja-srcna-belezka\/\" \/>\n<meta property=\"og:site_name\" content=\"Tatjanagrca.si\" \/>\n<meta property=\"article:modified_time\" content=\"2025-03-25T11:36:35+00:00\" \/>\n<meta property=\"og:image\" content=\"https:\/\/www.tatjanagrca.si\/wp-content\/uploads\/2021\/06\/belezka_2025.png\" \/>\n\t<meta property=\"og:image:width\" content=\"497\" \/>\n\t<meta property=\"og:image:height\" content=\"700\" \/>\n\t<meta property=\"og:image:type\" content=\"image\/png\" \/>\n<meta name=\"twitter:card\" content=\"summary_large_image\" \/>\n<script type=\"application\/ld+json\" class=\"yoast-schema-graph\">{\"@context\":\"https:\/\/schema.org\",\"@graph\":[{\"@type\":\"WebPage\",\"@id\":\"https:\/\/www.tatjanagrca.si\/izdelek\/moja-srcna-belezka\/\",\"url\":\"https:\/\/www.tatjanagrca.si\/izdelek\/moja-srcna-belezka\/\",\"name\":\"Moja sr\u010dna bele\u017eka - Tatjanagrca.si\",\"isPartOf\":{\"@id\":\"https:\/\/www.tatjanagrca.si\/#website\"},\"primaryImageOfPage\":{\"@id\":\"https:\/\/www.tatjanagrca.si\/izdelek\/moja-srcna-belezka\/#primaryimage\"},\"image\":{\"@id\":\"https:\/\/www.tatjanagrca.si\/izdelek\/moja-srcna-belezka\/#primaryimage\"},\"thumbnailUrl\":\"https:\/\/www.tatjanagrca.si\/wp-content\/uploads\/2021\/06\/belezka_2025.png\",\"datePublished\":\"2017-08-06T03:47:09+00:00\",\"dateModified\":\"2025-03-25T11:36:35+00:00\",\"breadcrumb\":{\"@id\":\"https:\/\/www.tatjanagrca.si\/izdelek\/moja-srcna-belezka\/#breadcrumb\"},\"inLanguage\":\"en-GB\",\"potentialAction\":[{\"@type\":\"ReadAction\",\"target\":[\"https:\/\/www.tatjanagrca.si\/izdelek\/moja-srcna-belezka\/\"]}]},{\"@type\":\"ImageObject\",\"inLanguage\":\"en-GB\",\"@id\":\"https:\/\/www.tatjanagrca.si\/izdelek\/moja-srcna-belezka\/#primaryimage\",\"url\":\"https:\/\/www.tatjanagrca.si\/wp-content\/uploads\/2021\/06\/belezka_2025.png\",\"contentUrl\":\"https:\/\/www.tatjanagrca.si\/wp-content\/uploads\/2021\/06\/belezka_2025.png\",\"width\":497,\"height\":700},{\"@type\":\"BreadcrumbList\",\"@id\":\"https:\/\/www.tatjanagrca.si\/izdelek\/moja-srcna-belezka\/#breadcrumb\",\"itemListElement\":[{\"@type\":\"ListItem\",\"position\":1,\"name\":\"Home\",\"item\":\"https:\/\/www.tatjanagrca.si\/\"},{\"@type\":\"ListItem\",\"position\":2,\"name\":\"Trgovina\",\"item\":\"https:\/\/www.tatjanagrca.si\/trgovina\/\"},{\"@type\":\"ListItem\",\"position\":3,\"name\":\"Moja sr\u010dna bele\u017eka\"}]},{\"@type\":\"WebSite\",\"@id\":\"https:\/\/www.tatjanagrca.si\/#website\",\"url\":\"https:\/\/www.tatjanagrca.si\/\",\"name\":\"Tatjanagrca.si\",\"description\":\"Nova\",\"potentialAction\":[{\"@type\":\"SearchAction\",\"target\":{\"@type\":\"EntryPoint\",\"urlTemplate\":\"https:\/\/www.tatjanagrca.si\/?s={search_term_string}\"},\"query-input\":{\"@type\":\"PropertyValueSpecification\",\"valueRequired\":true,\"valueName\":\"search_term_string\"}}],\"inLanguage\":\"en-GB\"}]}<\/script>\n<!-- \/ Yoast SEO plugin. -->","yoast_head_json":{"title":"Moja sr\u010dna bele\u017eka - Tatjanagrca.si","robots":{"index":"index","follow":"follow","max-snippet":"max-snippet:-1","max-image-preview":"max-image-preview:large","max-video-preview":"max-video-preview:-1"},"canonical":"https:\/\/www.tatjanagrca.si\/en\/product\/moja-srcna-belezka\/","og_locale":"en_GB","og_type":"article","og_title":"Moja sr\u010dna bele\u017eka - Tatjanagrca.si","og_description":"Naro\u010dite lahko tudi prisr\u010dno bele\u017enico MOJA SR\u010cA BELE\u017dKA z barvnimi ilustraciji in citati iz knjige Skodelica \u017eivljenja. V njej lahko najdejo prostor va\u0161e sr\u010dne misli in \u017eelje za ustvarjanje va\u0161ih spominov in upov za svetlo prihodnost. &nbsp;    Dimenzija: 15 x 20 cm  Trde platnice  Vezava: spirala  Barvne ilustracije s citati iz knjige Skodelica \u017eivljenja","og_url":"https:\/\/www.tatjanagrca.si\/en\/product\/moja-srcna-belezka\/","og_site_name":"Tatjanagrca.si","article_modified_time":"2025-03-25T11:36:35+00:00","og_image":[{"width":497,"height":700,"url":"https:\/\/www.tatjanagrca.si\/wp-content\/uploads\/2021\/06\/belezka_2025.png","type":"image\/png"}],"twitter_card":"summary_large_image","schema":{"@context":"https:\/\/schema.org","@graph":[{"@type":"WebPage","@id":"https:\/\/www.tatjanagrca.si\/izdelek\/moja-srcna-belezka\/","url":"https:\/\/www.tatjanagrca.si\/izdelek\/moja-srcna-belezka\/","name":"Moja sr\u010dna bele\u017eka - Tatjanagrca.si","isPartOf":{"@id":"https:\/\/www.tatjanagrca.si\/#website"},"primaryImageOfPage":{"@id":"https:\/\/www.tatjanagrca.si\/izdelek\/moja-srcna-belezka\/#primaryimage"},"image":{"@id":"https:\/\/www.tatjanagrca.si\/izdelek\/moja-srcna-belezka\/#primaryimage"},"thumbnailUrl":"https:\/\/www.tatjanagrca.si\/wp-content\/uploads\/2021\/06\/belezka_2025.png","datePublished":"2017-08-06T03:47:09+00:00","dateModified":"2025-03-25T11:36:35+00:00","breadcrumb":{"@id":"https:\/\/www.tatjanagrca.si\/izdelek\/moja-srcna-belezka\/#breadcrumb"},"inLanguage":"en-GB","potentialAction":[{"@type":"ReadAction","target":["https:\/\/www.tatjanagrca.si\/izdelek\/moja-srcna-belezka\/"]}]},{"@type":"ImageObject","inLanguage":"en-GB","@id":"https:\/\/www.tatjanagrca.si\/izdelek\/moja-srcna-belezka\/#primaryimage","url":"https:\/\/www.tatjanagrca.si\/wp-content\/uploads\/2021\/06\/belezka_2025.png","contentUrl":"https:\/\/www.tatjanagrca.si\/wp-content\/uploads\/2021\/06\/belezka_2025.png","width":497,"height":700},{"@type":"BreadcrumbList","@id":"https:\/\/www.tatjanagrca.si\/izdelek\/moja-srcna-belezka\/#breadcrumb","itemListElement":[{"@type":"ListItem","position":1,"name":"Home","item":"https:\/\/www.tatjanagrca.si\/"},{"@type":"ListItem","position":2,"name":"Trgovina","item":"https:\/\/www.tatjanagrca.si\/trgovina\/"},{"@type":"ListItem","position":3,"name":"Moja sr\u010dna bele\u017eka"}]},{"@type":"WebSite","@id":"https:\/\/www.tatjanagrca.si\/#website","url":"https:\/\/www.tatjanagrca.si\/","name":"Tatjanagrca.si","description":"Nova","potentialAction":[{"@type":"SearchAction","target":{"@type":"EntryPoint","urlTemplate":"https:\/\/www.tatjanagrca.si\/?s={search_term_string}"},"query-input":{"@type":"PropertyValueSpecification","valueRequired":true,"valueName":"search_term_string"}}],"inLanguage":"en-GB"}]}},"_links":{"self":[{"href":"https:\/\/www.tatjanagrca.si\/en\/wp-json\/wp\/v2\/product\/1380","targetHints":{"allow":["GET"]}}],"collection":[{"href":"https:\/\/www.tatjanagrca.si\/en\/wp-json\/wp\/v2\/product"}],"about":[{"href":"https:\/\/www.tatjanagrca.si\/en\/wp-json\/wp\/v2\/types\/product"}],"wp:featuredmedia":[{"embeddable":true,"href":"https:\/\/www.tatjanagrca.si\/en\/wp-json\/wp\/v2\/media\/2048"}],"wp:attachment":[{"href":"https:\/\/www.tatjanagrca.si\/en\/wp-json\/wp\/v2\/media?parent=1380"}],"wp:term":[{"taxonomy":"product_brand","embeddable":true,"href":"https:\/\/www.tatjanagrca.si\/en\/wp-json\/wp\/v2\/product_brand?post=1380"},{"taxonomy":"product_cat","embeddable":true,"href":"https:\/\/www.tatjanagrca.si\/en\/wp-json\/wp\/v2\/product_cat?post=1380"},{"taxonomy":"product_tag","embeddable":true,"href":"https:\/\/www.tatjanagrca.si\/en\/wp-json\/wp\/v2\/product_tag?post=1380"}],"curies":[{"name":"wp","href":"https:\/\/api.w.org\/{rel}","templated":true}]}}